{"id":1587,"date":"2020-09-29T15:02:49","date_gmt":"2020-09-29T15:02:49","guid":{"rendered":"https:\/\/www.vibration-pulsation-consulting.com\/?page_id=1587"},"modified":"2025-01-24T06:19:21","modified_gmt":"2025-01-24T07:19:21","slug":"privacy-statement","status":"publish","type":"page","link":"https:\/\/www.vibration-pulsation-consulting.com\/en\/privacy-statement\/","title":{"rendered":"Datenschutzerkl\u00e4rung \/ Privacy Statement"},"content":{"rendered":"\n<div class=\"wp-block-columns is-layout-flex wp-container-core-columns-is-layout-9d6595d7 wp-block-columns-is-layout-flex\">\n<div class=\"wp-block-column is-layout-flow wp-block-column-is-layout-flow\">\n<p><strong>Datenschutzerkl\u00e4rung<\/strong><\/p>\n\n\n\n<p>Verantwortlicher im Sinne der Datenschutzgesetze, insbesondere der EU-Datenschutzgrundverordnung (DSGVO), ist:<\/p>\n\n\n\n<p><a href=\"mailto:privacy@vibration-pulsation-consulting.com\">Dr.-Ing. Christian Jansen<\/a>, Thiemauer 24a, 48431, Rheine, NRW, Deutschland<\/p>\n\n\n\n<p>Unter den angegebenen Kontaktdaten unseres Datenschutzbeauftragten k\u00f6nnen Sie jederzeit folgende Rechte aus\u00fcben:<\/p>\n\n\n\n<ul class=\"wp-block-list\">\n<li>Auskunft \u00fcber Ihre bei uns gespeicherten Daten und deren Verarbeitung (Art. 15 DSGVO),<\/li>\n\n\n\n<li>Berichtigung unrichtiger personenbezogener Daten (Art. 16 DSGVO),<\/li>\n\n\n\n<li>L\u00f6schung Ihrer bei uns gespeicherten Daten (Art. 17 DSGVO),<\/li>\n\n\n\n<li>Einschr\u00e4nkung der Datenverarbeitung, sofern wir Ihre Daten aufgrund gesetzlicher Pflichten noch nicht l\u00f6schen d\u00fcrfen (Art. 18 DSGVO),<\/li>\n\n\n\n<li>Widerspruch gegen die Verarbeitung Ihrer Daten bei uns (Art. 21 DSGVO) und<\/li>\n\n\n\n<li>Daten\u00fcbertragbarkeit, sofern Sie in die Datenverarbeitung eingewilligt haben oder einen Vertrag mit uns abgeschlossen haben (Art. 20 DSGVO).<\/li>\n<\/ul>\n\n\n\n<p>Sofern Sie uns eine Einwilligung erteilt haben, k\u00f6nnen Sie diese jederzeit mit Wirkung f\u00fcr die Zukunft widerrufen.<\/p>\n\n\n\n<p>Sie k\u00f6nnen sich jederzeit mit einer Beschwerde an eine Aufsichtsbeh\u00f6rde wenden, z. B. an die zust\u00e4ndige Aufsichtsbeh\u00f6rde des Bundeslands Ihres Wohnsitzes oder an die f\u00fcr uns als verantwortliche Stelle zust\u00e4ndige Beh\u00f6rde.<\/p>\n\n\n\n<p>Eine Liste der Aufsichtsbeh\u00f6rden (f\u00fcr den nicht\u00f6ffentlichen Bereich) mit Anschrift finden Sie unter: <a rel=\"noreferrer noopener\" href=\"https:\/\/www.bfdi.bund.de\/DE\/Infothek\/Anschriften_Links\/anschriften_links-node.html\" target=\"_blank\">https:\/\/www.bfdi.bund.de\/DE\/Infothek\/Anschriften_Links\/anschriften_links-node.html<\/a>.<\/p>\n\n\n\n<h2 class=\"wp-block-heading\">Server-Logfiles<\/h2>\n\n\n\n<p>Wenn Sie unsere Webseite besuchen oder unsere Dienste nutzen \u00fcbermittelt das Ger\u00e4t, mit dem Sie die Seite aufrufen, automatisch Log-Daten (Verbindungsdaten) an den Server. <\/p>\n\n\n\n<p>Log-Daten werden von unseren Servern auch erfasst, wenn Besucher Ihre Webseiten aufrufen. Folgende Log-Daten werden bei diesem Prozess erhoben: Kunden-Domain, Anonymisierte Client-IP, Request-Zeile, Timestamp, Status Code, Gr\u00f6\u00dfe des Response Bodies, Referer, der vom Client gesendet wurde, User Agent, der vom Client gesendet wurde, Remote User. <\/p>\n\n\n\n<p>Zur Erkennung von Angriffen werden nicht anonymisierte IP-Adressen maximal sieben Tage gespeichert. Danach werden sie unwiderruflich anonymisiert.<\/p>\n\n\n\n<h2 class=\"wp-block-heading\">Newsletter<\/h2>\n\n\n\n<h3 class=\"wp-block-heading\">Art und Zweck der Verarbeitung:<\/h3>\n\n\n\n<p>Ihre Daten werden ausschlie\u00dflich dazu verwendet, Ihnen den abonnierten Newsletter per E-Mail zuzustellen. Die Angabe Ihres Namens erfolgt, um Sie im Newsletter pers\u00f6nlich ansprechen zu k\u00f6nnen und ggf. zu identifizieren, falls Sie von Ihren Rechten als Betroffener Gebrauch machen wollen.<\/p>\n\n\n\n<p>F\u00fcr den Empfang des Newsletters ist die Angabe Ihrer E-Mail-Adresse ausreichend. Bei der Anmeldung zum Bezug unseres Newsletters werden die von Ihnen angegebenen Daten ausschlie\u00dflich f\u00fcr diesen Zweck verwendet. Abonnenten k\u00f6nnen auch \u00fcber Umst\u00e4nde per E-Mail informiert werden, die f\u00fcr den Dienst oder die Registrierung relevant sind (bspw. \u00c4nderungen des Newsletterangebots oder technische Gegebenheiten).<\/p>\n\n\n\n<p>F\u00fcr eine wirksame Registrierung ben\u00f6tigen wir eine valide E-Mail-Adresse. Um zu \u00fcberpr\u00fcfen, dass eine Anmeldung tats\u00e4chlich durch den Inhaber einer E-Mail-Adresse erfolgt, setzen wir das \u201eDouble-opt-in\u201c-Verfahren ein. Hierzu protokollieren wir die Bestellung des Newsletters, den Versand einer Best\u00e4tigungsmail und den Eingang der hiermit angeforderten Antwort. Weitere Daten werden nicht erhoben. Die Daten werden ausschlie\u00dflich f\u00fcr den Newsletterversand verwendet und nicht an Dritte weitergegeben.<\/p>\n\n\n\n<h3 class=\"wp-block-heading\">Rechtsgrundlage:<\/h3>\n\n\n\n<p>Auf Grundlage Ihrer ausdr\u00fccklich erteilten Einwilligung (Art. 6 Abs. 1 lit. a DSGVO), \u00fcbersenden wir Ihnen regelm\u00e4\u00dfig unseren Newsletter bzw. vergleichbare Informationen per E-Mail an Ihre angegebene E-Mail-Adresse.<\/p>\n\n\n\n<p>Die Einwilligung zur Speicherung Ihrer pers\u00f6nlichen Daten und ihrer Nutzung f\u00fcr den Newsletterversand k\u00f6nnen Sie jederzeit mit Wirkung f\u00fcr die Zukunft widerrufen. In jedem Newsletter findet sich dazu ein entsprechender Link. Au\u00dferdem k\u00f6nnen Sie sich jederzeit auch direkt auf dieser Website abmelden oder uns Ihren Widerruf \u00fcber die am Ende dieser Datenschutzhinweise angegebene Kontaktm\u00f6glichkeit mitteilen.<\/p>\n\n\n\n<h3 class=\"wp-block-heading\">Empf\u00e4nger:<\/h3>\n\n\n\n<p>Empf\u00e4nger der Daten sind ggf. Auftragsverarbeiter.<\/p>\n\n\n\n<h3 class=\"wp-block-heading\">Speicherdauer:<\/h3>\n\n\n\n<p>Die Daten werden in diesem Zusammenhang nur verarbeitet, solange die entsprechende Einwilligung vorliegt. Danach werden sie gel\u00f6scht.<\/p>\n\n\n\n<h3 class=\"wp-block-heading\">Bereitstellung vorgeschrieben oder erforderlich:<\/h3>\n\n\n\n<p>Die Bereitstellung Ihrer personenbezogenen Daten erfolgt freiwillig, allein auf Basis Ihrer Einwilligung. Ohne bestehende Einwilligung k\u00f6nnen wir Ihnen unseren Newsletter leider nicht zusenden.<\/p>\n\n\n\n<h2 class=\"wp-block-heading\">Kontaktformular<\/h2>\n\n\n\n<h3 class=\"wp-block-heading\">Art und Zweck der Verarbeitung:<\/h3>\n\n\n\n<p>Die von Ihnen eingegebenen Daten werden zum Zweck der individuellen Kommunikation mit Ihnen gespeichert. Hierf\u00fcr ist die Angabe einer validen E-Mail-Adresse sowie Ihres Namens erforderlich. Diese dient der Zuordnung der Anfrage und der anschlie\u00dfenden Beantwortung derselben. Die Angabe weiterer Daten ist optional.<\/p>\n\n\n\n<h3 class=\"wp-block-heading\">Rechtsgrundlage:<\/h3>\n\n\n\n<p>Die Verarbeitung der in das Kontaktformular eingegebenen Daten erfolgt auf der Grundlage eines berechtigten Interesses (Art. 6 Abs. 1 lit. f DSGVO).<\/p>\n\n\n\n<p>Durch Bereitstellung des Kontaktformulars m\u00f6chten wir Ihnen eine unkomplizierte Kontaktaufnahme erm\u00f6glichen. Ihre gemachten Angaben werden zum Zwecke der Bearbeitung der Anfrage sowie f\u00fcr m\u00f6gliche Anschlussfragen gespeichert.<\/p>\n\n\n\n<p>Sofern Sie mit uns Kontakt aufnehmen, um ein Angebot zu erfragen, erfolgt die Verarbeitung der in das Kontaktformular eingegebenen Daten zur Durchf\u00fchrung vorvertraglicher Ma\u00dfnahmen (Art. 6 Abs. 1 lit. b DSGVO).<\/p>\n\n\n\n<h3 class=\"wp-block-heading\">Empf\u00e4nger:<\/h3>\n\n\n\n<p>Empf\u00e4nger der Daten sind ggf. Auftragsverarbeiter.<\/p>\n\n\n\n<h3 class=\"wp-block-heading\">Speicherdauer:<\/h3>\n\n\n\n<p>Daten werden sp\u00e4testens 6 Monate nach Bearbeitung der Anfrage gel\u00f6scht.<\/p>\n\n\n\n<p>Sofern es zu einem Vertragsverh\u00e4ltnis kommt, unterliegen wir den gesetzlichen Aufbewahrungsfristen nach HGB und l\u00f6schen Ihre Daten nach Ablauf dieser Fristen.<\/p>\n\n\n\n<h3 class=\"wp-block-heading\">Bereitstellung vorgeschrieben oder erforderlich:<\/h3>\n\n\n\n<p>Die Bereitstellung Ihrer personenbezogenen Daten erfolgt freiwillig. Wir k\u00f6nnen Ihre Anfrage jedoch nur bearbeiten, sofern Sie uns Ihren Namen, Ihre E-Mail-Adresse und den Grund der Anfrage mitteilen.<\/p>\n\n\n\n<h2 class=\"wp-block-heading\">Verwendung von Scriptbibliotheken (Google Webfonts)<\/h2>\n\n\n\n<h3 class=\"wp-block-heading\">Art und Zweck der Verarbeitung:<\/h3>\n\n\n\n<p>Um unsere Inhalte browser\u00fcbergreifend korrekt und grafisch ansprechend darzustellen, verwenden wir auf dieser Website \u201eGoogle Web Fonts\u201c der Google LLC (1600 Amphitheatre Parkway, Mountain View, CA 94043, USA; nachfolgend \u201eGoogle\u201c) zur Darstellung von Schriften.<\/p>\n\n\n\n<p>Die Datenschutzrichtlinie des Bibliothekbetreibers Google finden Sie hier: <a href=\"https:\/\/www.google.com\/policies\/privacy\/\">https:\/\/www.google.com\/policies\/privacy\/<\/a><\/p>\n\n\n\n<h3 class=\"wp-block-heading\">Rechtsgrundlage:<\/h3>\n\n\n\n<p>Rechtsgrundlage f\u00fcr die Einbindung von Google Webfonts und dem damit verbundenen Datentransfer zu Google ist Ihre Einwilligung (Art. 6 Abs. 1 lit. a DSGVO).<\/p>\n\n\n\n<h3 class=\"wp-block-heading\">Empf\u00e4nger:<\/h3>\n\n\n\n<p>Der Aufruf von Scriptbibliotheken oder Schriftbibliotheken l\u00f6st automatisch eine Verbindung zum Betreiber der Bibliothek aus. Dabei ist es theoretisch m\u00f6glich \u2013 aktuell allerdings auch unklar ob und ggf. zu welchen Zwecken \u2013 dass der Betreiber in diesem Fall Google Daten erhebt.<\/p>\n\n\n\n<h3 class=\"wp-block-heading\">Speicherdauer:<\/h3>\n\n\n\n<p>Wir erheben keine personenbezogenen Daten, durch die Einbindung von Google Webfonts.<\/p>\n\n\n\n<p>Weitere Informationen zu Google Web Fonts finden Sie unter <a href=\"https:\/\/developers.google.com\/fonts\/faq\">https:\/\/developers.google.com\/fonts\/faq<\/a> und in der Datenschutzerkl\u00e4rung von Google: <a href=\"https:\/\/www.google.com\/policies\/privacy\/\">https:\/\/www.google.com\/policies\/privacy\/<\/a>.<\/p>\n\n\n\n<h3 class=\"wp-block-heading\">Drittlandtransfer:<\/h3>\n\n\n\n<p>Google verarbeitet Ihre Daten in den USA und hat sich dem EU_US Privacy Shield unterworfen <a href=\"https:\/\/www.privacyshield.gov\/EU-US-Framework\">https:\/\/www.privacyshield.gov\/EU-US-Framework<\/a>.<\/p>\n\n\n\n<h3 class=\"wp-block-heading\">Bereitstellung vorgeschrieben oder erforderlich:<\/h3>\n\n\n\n<p>Die Bereitstellung der personenbezogenen Daten ist weder gesetzlich, noch vertraglich vorgeschrieben. Allerdings kann ggfs. die korrekte Darstellung der Inhalte durch Standardschriften nicht m\u00f6glich sein.<\/p>\n\n\n\n<h3 class=\"wp-block-heading\">Widerruf der Einwilligung:<\/h3>\n\n\n\n<p>Zur Darstellung der Inhalte wird regelm\u00e4\u00dfig die Programmiersprache JavaScript verwendet. Sie k\u00f6nnen der Datenverarbeitung daher widersprechen, indem Sie die Ausf\u00fchrung von JavaScript in Ihrem Browser deaktivieren oder einen JavaScript-Blocker installieren. Bitte beachten Sie, dass es hierdurch zu Funktionseinschr\u00e4nkungen auf der Website kommen kann.<\/p>\n\n\n\n<h2 class=\"wp-block-heading\">SSL-Verschl\u00fcsselung<\/h2>\n\n\n\n<p>Um die Sicherheit Ihrer Daten bei der \u00dcbertragung zu sch\u00fctzen, verwenden wir dem aktuellen Stand der Technik entsprechende Verschl\u00fcsselungsverfahren (z. B. SSL) \u00fcber HTTPS.<\/p>\n\n\n\n<h2 class=\"wp-block-heading\">\u00c4nderung unserer Datenschutzbestimmungen<\/h2>\n\n\n\n<p>Wir behalten uns vor, diese Datenschutzerkl\u00e4rung anzupassen, damit sie stets den aktuellen rechtlichen Anforderungen entspricht oder um \u00c4nderungen unserer Leistungen in der Datenschutzerkl\u00e4rung umzusetzen, z.B. bei der Einf\u00fchrung neuer Services. F\u00fcr Ihren erneuten Besuch gilt dann die neue Datenschutzerkl\u00e4rung.<\/p>\n\n\n\n<h2 class=\"wp-block-heading\">Kontakt<\/h2>\n\n\n\n<p>Wenn Sie Fragen zum Datenschutz haben, schreiben Sie uns bitte eine E-Mail oder wenden Sie sich direkt an die f\u00fcr den Datenschutz verantwortliche Person in unserer Organisation: <a href=\"mailto:privacy@vibration-pulsation-consulting.com\" data-type=\"mailto\" data-id=\"mailto:privacy@vibration-pulsation-consulting.com\">Dr.-Ing. Christian Jansen<\/a>.<\/p>\n<\/div>\n\n\n\n<div class=\"wp-block-column is-layout-flow wp-block-column-is-layout-flow\">\n<p><strong>Privacy Statement<\/strong><\/p>\n\n\n\n<p>Responsible party pursuant to data protection laws, in particular the EU General Data Protection Regulation (GDPR), is<\/p>\n\n\n\n<p><a href=\"mailto:privacy@vibration-pulsation-consulting.com\">Dr.-Ing. Christian Jansen<\/a>, Thiemauer 24a, 48431, Rheine,  NRW, Deutschland, North Rhine-Westphalia, Germany<\/p>\n\n\n\n<p>You can exercise the following rights at any time using the contact details of our data protection officer:<\/p>\n\n\n\n<ul class=\"wp-block-list\">\n<li>Information on your data stored by us and the processing thereof (Art. 15 GDPR),<\/li>\n\n\n\n<li>Rectification of inaccurate personal data (Art. 16 GDPR),<\/li>\n\n\n\n<li>Deletion of your data stored by us (Art. 17 GDPR),<\/li>\n\n\n\n<li>Restriction of the data processing, provided that we may not delete your data due to legal obligations (Art. 18 GDPR),<\/li>\n\n\n\n<li>Objection to the processing of your data with us (Art. 21 GDPR) and<\/li>\n\n\n\n<li>Data portability, provide that you have consented to the data processing or have entered into a contract with us (Art. 20 GDPR).<\/li>\n<\/ul>\n\n\n\n<p>If you have given us consent, you may withdraw it at any time, which will remain in effect in the future.<\/p>\n\n\n\n<p>You can contact a supervisory authority with a complaint at any time, e.g. the supervisory authority of the state of your residence or the authority that oversees us as the responsible party.<\/p>\n\n\n\n<p>You\u2019ll find a list of supervisory authorities (for the non-public area) with their respective addresses at: <a rel=\"noreferrer noopener\" href=\"https:\/\/www.bfdi.bund.de\/DE\/Infothek\/Anschriften_Links\/anschriften_links-node.html\" target=\"_blank\">https:\/\/www.bfdi.bund.de\/DE\/Infothek\/Anschriften_Links\/anschriften_links-node.html<\/a>.<\/p>\n\n\n\n<h2 class=\"wp-block-heading\">Server-Logfiles<\/h2>\n\n\n\n<p>When you visit our website or use our services, the device with which you access the site automatically transmits log data (connection data) to the server.<\/p>\n\n\n\n<p>Log data is also collected by our servers when visitors access your web pages. The following log data is collected during this process: Client domain, Anonymous client IP, Request line, Timestamp, Status code, Response body size, Referer sent by client, User agent sent by client, Remote user.<\/p>\n\n\n\n<p>To detect attacks, non-anonymized IP addresses are stored for a maximum of seven days. After that they are irrevocably anonymized.<\/p>\n\n\n\n<h2 class=\"wp-block-heading\">Newsletter<\/h2>\n\n\n\n<h3 class=\"wp-block-heading\">Type and purpose of the processing<\/h3>\n\n\n\n<p>Your data will be used exclusively to send you the newsletter you subscribed for via e-mail. We request your name so that we can address you personally in the newsletter and identify you as needed should you want to exercise your rights as a data subject.<\/p>\n\n\n\n<p>To receive the newsletter, providing your e-mail address is sufficient. When you subscribe to our newsletter, the data you provide will be used exclusively for this purpose. Subscribers can also be notified by e-mail about circumstances that are relevant to the service or registration (such as changes to the newsletter offer or technical matters).<\/p>\n\n\n\n<p>We need a valid e-mail address to complete your registration. In order to verify that a registration is actually made by the owner of an e-mail address, we utilise the \u2018double opt-in\u2019 procedure. To this end, we log the newsletter subscription request, when a confirmation e-mail is sent and the receipt of the requested reply. Additional data is not collected. The data will be used exclusively for sending the newsletter and will not be shared with third parties.<\/p>\n\n\n\n<h3 class=\"wp-block-heading\">Legal basis<\/h3>\n\n\n\n<p>Based on your express consent (Article 6 (1) a DSGVO), we will send you our newsletter on a regular basis or comparable information via e-mail to your specified e-mail address.<\/p>\n\n\n\n<p>The consent to save and use your personal data for the newsletter may be withdrawn at any time and remain in effect in the future. Every newsletter contains a corresponding link, and you can also unsubscribe on this website at any time or inform us of your cancellation via the contact option indicated at the end of this privacy policy.<\/p>\n\n\n\n<h3 class=\"wp-block-heading\">Recipients<\/h3>\n\n\n\n<p>Recipients of the data may be processors.<\/p>\n\n\n\n<h3 class=\"wp-block-heading\">Retention period<\/h3>\n\n\n\n<p>Data are only processed in this context provided that the corresponding consent has been given. The data will be deleted thereafter.<\/p>\n\n\n\n<h3 class=\"wp-block-heading\">Mandatory or required provision<\/h3>\n\n\n\n<p>The provision of your personal data is voluntary, based solely on your consent. Unfortunately, we cannot send you our newsletter without your consent.<\/p>\n\n\n\n<h2 class=\"wp-block-heading\">Contact form<\/h2>\n\n\n\n<h3 class=\"wp-block-heading\">Type and purpose of the processing<\/h3>\n\n\n\n<p>The data you enter are used for individual communication with you. A valid e-mail address and your name are required for this communication, which serves to organize your inquiry and the respective subsequent reply. Providing additional information is optional.<\/p>\n\n\n\n<h3 class=\"wp-block-heading\">Legal basis<\/h3>\n\n\n\n<p>The processing of the data entered in the contact form occurs on the basis of a legitimate interest (Art. 6 Para. 1 (f) GDPR).<\/p>\n\n\n\n<p>By providing the contact form, our aim is to facilitate an uncomplicated means for you to contact us. The information you enter will be used to process the inquiry and saved for possible follow-up questions.<\/p>\n\n\n\n<p>If you contact us to request an offer, the processing of the information provided in the contact form will occur in order to implement pre-contractual measures (Art. 6 Para. 1 (b) GDPR).<\/p>\n\n\n\n<h3 class=\"wp-block-heading\">Recipients<\/h3>\n\n\n\n<p>Recipients of the data may be processors.<\/p>\n\n\n\n<h3 class=\"wp-block-heading\">Retention period<\/h3>\n\n\n\n<p>The data will be deleted no later than 6 months after processing the inquiry.<\/p>\n\n\n\n<p>Provided that we enter into a contract together, we will use the statutory retention periods in the German Commercial Code (Handelsgesetzbuch) and delete your data according to the respective stipulated deadlines.<\/p>\n\n\n\n<h3 class=\"wp-block-heading\">Mandatory or required provision<\/h3>\n\n\n\n<p>The provision of your personal data is voluntary. However, we can only process your inquiry if you provide us with your name, e-mail address and the reason for your inquiry.<\/p>\n\n\n\n<h2 class=\"wp-block-heading\">Using script libraries (Google Webfonts)<\/h2>\n\n\n\n<h3 class=\"wp-block-heading\">Type and purpose of the processing<\/h3>\n\n\n\n<p>In order to present our content correctly and graphically appealing across all browsers, we use \u2018Google Webfonts\u2019 from Google LLC (1600 Amphitheater Parkway, Mountain View, CA 94043, USA, hereinafter \u2018Google\u2019) to display fonts on this website.<\/p>\n\n\n\n<p>You\u2019ll find the data protection guidelines of the library operator Google here: <a href=\"https:\/\/www.google.com\/policies\/privacy\/\" rel=\"noreferrer noopener\" target=\"_blank\">https:\/\/www.google.com\/policies\/privacy\/<\/a><\/p>\n\n\n\n<h3 class=\"wp-block-heading\">Legal basis<\/h3>\n\n\n\n<p>Your consent is the legal basis for the integration of Google Webfonts and the associated data transfer to Google (Art. 6 Para. 1 (a) GDPR).<\/p>\n\n\n\n<h3 class=\"wp-block-heading\">Recipients<\/h3>\n\n\n\n<p>The use of script libraries or font libraries automatically triggers a connection to the operator of the library. It is theoretically possible \u2013 but currently also unclear whether and to what end \u2013 that the operator, in this case Google, will collect data.<\/p>\n\n\n\n<h3 class=\"wp-block-heading\">Retention period<\/h3>\n\n\n\n<p>We do not collect any personal data via the integration of Google Webfonts.<\/p>\n\n\n\n<p>You\u2019ll find additional information on Google Webfonts at <a href=\"https:\/\/developers.google.com\/fonts\/faq\" rel=\"noreferrer noopener\" target=\"_blank\">https:\/\/developers.google.com\/fonts\/faq<\/a> and in Google\u2019s privacy policy: <a href=\"https:\/\/www.google.com\/policies\/privacy\/\" rel=\"noreferrer noopener\" target=\"_blank\">https:\/\/www.google.com\/policies\/privacy\/<\/a>.<\/p>\n\n\n\n<h3 class=\"wp-block-heading\">Third country transfers<\/h3>\n\n\n\n<p>Google processes your data in the United States of America and is subject to the EU-U.S. Privacy Shield: <a href=\"https:\/\/www.privacyshield.gov\/EU-US-Framework\" rel=\"noreferrer noopener\" target=\"_blank\">https:\/\/www.privacyshield.gov\/EU-US-Framework<\/a>.<\/p>\n\n\n\n<h3 class=\"wp-block-heading\">Mandatory or required provision<\/h3>\n\n\n\n<p>The provision of your personal data is neither legally nor contractually required. However, the correct presentation of standard-fonts content is not possible without this provision.<\/p>\n\n\n\n<h3 class=\"wp-block-heading\">Revocation of consent<\/h3>\n\n\n\n<p>The programming language JavaScript is regularly used to display content. Thus, you can opt out of the data processing by disabling JavaScript execution in your browser or by installing a JavaScript blocker. Please note that this may result in functional limitations on the website.<\/p>\n\n\n\n<h2 class=\"wp-block-heading\">SSL encryption<\/h2>\n\n\n\n<p>To protect the security of your data during transmission, we use state-of-the-art encryption methods (such as SSL) via HTTPS.<\/p>\n\n\n\n<h2 class=\"wp-block-heading\">Revision of our privacy policy<\/h2>\n\n\n\n<p>We reserve the right to amend this privacy policy so that it always complies with current legal requirements or to implement changes to our services in the privacy policy, e.g. when introducing new services. Your next visit will be subject to the new privacy policy.<\/p>\n\n\n\n<h2 class=\"wp-block-heading\">Contact<\/h2>\n\n\n\n<p>If you have any questions pertaining to data protection, please send us an e-mail or contact the person responsible for data protection in our organization: <a href=\"mailto:privacy@vibration-pulsation-consulting.com\">Dr.-Ing. Christian Jansen<\/a>.<\/p>\n<\/div>\n<\/div>\n","protected":false},"excerpt":{"rendered":"<p>Datenschutzerkl\u00e4rung Verantwortlicher im Sinne der Datenschutzgesetze, insbesondere der EU-Datenschutzgrundverordnung (DSGVO), ist: Dr.-Ing. Christian Jansen, Thiemauer 24a, 48431, Rheine, NRW, Deutschland Unter den angegebenen Kontaktdaten unseres Datenschutzbeauftragten k\u00f6nnen Sie jederzeit folgende &#8230;<\/p>\n","protected":false},"author":1,"featured_media":0,"parent":0,"menu_order":0,"comment_status":"closed","ping_status":"closed","template":"template-fullwidth.php","meta":{"footnotes":""},"class_list":["post-1587","page","type-page","status-publish","hentry"],"_links":{"self":[{"href":"https:\/\/www.vibration-pulsation-consulting.com\/en\/wp-json\/wp\/v2\/pages\/1587","targetHints":{"allow":["GET"]}}],"collection":[{"href":"https:\/\/www.vibration-pulsation-consulting.com\/en\/wp-json\/wp\/v2\/pages"}],"about":[{"href":"https:\/\/www.vibration-pulsation-consulting.com\/en\/wp-json\/wp\/v2\/types\/page"}],"author":[{"embeddable":true,"href":"https:\/\/www.vibration-pulsation-consulting.com\/en\/wp-json\/wp\/v2\/users\/1"}],"replies":[{"embeddable":true,"href":"https:\/\/www.vibration-pulsation-consulting.com\/en\/wp-json\/wp\/v2\/comments?post=1587"}],"version-history":[{"count":11,"href":"https:\/\/www.vibration-pulsation-consulting.com\/en\/wp-json\/wp\/v2\/pages\/1587\/revisions"}],"predecessor-version":[{"id":2314,"href":"https:\/\/www.vibration-pulsation-consulting.com\/en\/wp-json\/wp\/v2\/pages\/1587\/revisions\/2314"}],"wp:attachment":[{"href":"https:\/\/www.vibration-pulsation-consulting.com\/en\/wp-json\/wp\/v2\/media?parent=1587"}],"curies":[{"name":"wp","href":"https:\/\/api.w.org\/{rel}","templated":true}]}}