{"id":1616,"date":"2020-09-29T17:52:50","date_gmt":"2020-09-29T17:52:50","guid":{"rendered":"https:\/\/www.vibration-pulsation-consulting.com\/?page_id=1616"},"modified":"2020-12-04T19:31:27","modified_gmt":"2020-12-04T20:31:27","slug":"cookies","status":"publish","type":"page","link":"https:\/\/www.vibration-pulsation-consulting.com\/en\/cookies\/","title":{"rendered":"Cookie Policy"},"content":{"rendered":"\n<div class=\"wp-block-columns is-layout-flex wp-container-core-columns-is-layout-9d6595d7 wp-block-columns-is-layout-flex\">\n<div class=\"wp-block-column is-layout-flow wp-block-column-is-layout-flow\">\n<h2 class=\"wp-block-heading\">Cookie-Richtlinie<\/h2>\n\n\n\n<p><strong>Was sind Cookies?<\/strong><\/p>\n\n\n\n<p>Wie bei fast allen professionellen Websites \u00fcblich, verwendet diese Website Cookies, d.h. winzige Dateien, die auf Ihren Computer heruntergeladen werden, um Ihre Erfahrungen zu verbessern. Diese Seite beschreibt, welche Informationen sie sammeln, wie wir sie verwenden und warum wir diese Cookies manchmal speichern m\u00fcssen. Wir teilen Ihnen auch mit, wie Sie die Speicherung dieser Cookies verhindern k\u00f6nnen, jedoch kann dies bestimmte Elemente der Funktionalit\u00e4t der Website herabsetzen oder &#8216;kaputt&#8217; machen.<\/p>\n\n\n\n<p><strong>Wie wir Cookies verwenden<\/strong><\/p>\n\n\n\n<p>Wir verwenden Cookies aus einer Vielzahl von Gr\u00fcnden, die im Folgenden n\u00e4her erl\u00e4utert werden. Leider gibt es in den meisten F\u00e4llen keine Industriestandard-Optionen zur Deaktivierung von Cookies, ohne die Funktionalit\u00e4t und die Funktionen, die sie dieser Website hinzuf\u00fcgen, vollst\u00e4ndig zu deaktivieren. Es wird empfohlen, dass Sie alle Cookies eingeschaltet lassen, wenn Sie nicht sicher sind, ob Sie sie ben\u00f6tigen oder nicht, falls sie f\u00fcr die Bereitstellung eines von Ihnen genutzten Dienstes verwendet werden.<\/p>\n\n\n\n<p><strong>Deaktivieren von Cookies<\/strong><\/p>\n\n\n\n<p>Sie k\u00f6nnen das Setzen von Cookies verhindern, indem Sie die Einstellungen Ihres Browsers anpassen (wie das geht, erfahren Sie in der Hilfe Ihres Browsers). Beachten Sie, dass die Deaktivierung von Cookies die Funktionalit\u00e4t dieser und vieler anderer Websites, die Sie besuchen, beeintr\u00e4chtigt. Die Deaktivierung von Cookies hat in der Regel auch die Deaktivierung bestimmter Funktionen und Merkmale dieser Website zur Folge. Es wird daher empfohlen, Cookies nicht zu deaktivieren.<\/p>\n\n\n\n<p><strong>Die von uns gesetzten Cookies<\/strong><\/p>\n\n\n\n<ul class=\"wp-block-list\"><li>Formularbezogene Cookies Wenn Sie Daten \u00fcber ein Formular, wie z.B. auf Kontaktseiten oder Formularen, an uns senden, k\u00f6nnen Cookies gesetzt werden, um Ihre Benutzerdaten f\u00fcr zuk\u00fcnftige Korrespondenz zu speichern<\/li><\/ul>\n\n\n\n<ul class=\"wp-block-list\"><li>Website-Pr\u00e4ferenz-Cookies Um Ihnen einen angenehmen Aufenthalt auf dieser Website zu erm\u00f6glichen, bieten wir Ihnen die M\u00f6glichkeit, Ihre Pr\u00e4ferenzen f\u00fcr den Betrieb dieser Website festzulegen, wenn Sie sie benutzen. Damit wir uns Ihre Pr\u00e4ferenzen merken k\u00f6nnen, m\u00fcssen wir Cookies setzen, damit diese Informationen aufgerufen werden k\u00f6nnen, wenn Sie mit einer Seite interagieren, die von Ihren Pr\u00e4ferenzen betroffen ist.<\/li><\/ul>\n\n\n\n<p><strong>Cookies von Dritten<\/strong><\/p>\n\n\n\n<p>Wir verwenden standardm\u00e4\u00dfig keine Cookies von Dritten.<\/p>\n\n\n\n<p><strong>Weitere Informationen<\/strong><\/p>\n\n\n\n<p>Hoffentlich hat das die Dinge f\u00fcr Sie gekl\u00e4rt, und wie bereits erw\u00e4hnt, ist es, wenn Sie sich nicht sicher sind, ob Sie etwas brauchen oder nicht, normalerweise sicherer, Cookies aktiviert zu lassen, falls sie mit einer der Funktionen, die Sie auf unserer Website verwenden, interagieren.<\/p>\n\n\n\n<p>Wenn Sie jedoch immer noch auf der Suche nach weiteren Informationen sind, k\u00f6nnen Sie uns direkt kontaktieren: <a href=\"mailto:christian.jansen@vibration-pulsation-consulting.com\">Dr.-Ing Christian Jansen<\/a>.<\/p>\n<\/div>\n\n\n\n<div class=\"wp-block-column is-layout-flow wp-block-column-is-layout-flow\">\n<h2 class=\"wp-block-heading\">Cookie Policy <\/h2>\n\n\n\n<p><strong>What Are Cookies?<\/strong><\/p>\n\n\n\n<p>As is common practice with almost all professional websites this site uses cookies, which are tiny files that are downloaded to your computer, to improve your experience. This page describes what information they gather, how we use it and why we sometimes need to store these cookies. We will also share how you can prevent these cookies from being stored however this may downgrade or &#8216;break&#8217; certain elements of the sites functionality.<\/p>\n\n\n\n<p><strong>How We Use Cookies<\/strong><\/p>\n\n\n\n<p>We use cookies for a variety of reasons detailed below. Unfortunately in most cases there are no industry standard options for disabling cookies without completely disabling the functionality and features they add to this site. It is recommended that you leave on all cookies if you are not sure whether you need them or not in case they are used to provide a service that you use.<\/p>\n\n\n\n<p><strong>Disabling Cookies<\/strong><\/p>\n\n\n\n<p>You can prevent the setting of cookies by adjusting the settings on your browser (see your browser Help for how to do this). Be aware that disabling cookies will affect the functionality of this and many other websites that you visit. Disabling cookies will usually result in also disabling certain functionality and features of the this site. Therefore it is recommended that you do not disable cookies.<\/p>\n\n\n\n<p><strong>The Cookies We Set<\/strong><\/p>\n\n\n\n<ul class=\"wp-block-list\"><li>Forms related cookies When you submit data to through a form such as those found on contact pages or forms cookies may be set to remember your user details for future correspondence.<\/li><li>Site preferences cookies In order to provide you with a great experience on this site we provide the functionality to set your preferences for how this site runs when you use it. In order to remember your preferences we need to set cookies so that this information can be called whenever you interact with a page is affected by your preferences.<\/li><\/ul>\n\n\n\n<p><strong>Third Party Cookies<\/strong><\/p>\n\n\n\n<p>We normally do not use cookies of third parties.<\/p>\n\n\n\n<p><strong>More Information<\/strong><\/p>\n\n\n\n<p>Hopefully that has clarified things for you and as was previously mentioned if there is something that you aren&#8217;t sure whether you need or not it&#8217;s usually safer to leave cookies enabled in case it does interact with one of the features you use on our site.<\/p>\n\n\n\n<p>However if you are still looking for more information then you can contact us directly: <a href=\"mailto:christian.jansen@vibration-pulsation-consulting.com\">Dr.-Ing Christian Jansen<\/a>.<\/p>\n<\/div>\n<\/div>\n","protected":false},"excerpt":{"rendered":"<p>Cookie-Richtlinie Was sind Cookies? Wie bei fast allen professionellen Websites \u00fcblich, verwendet diese Website Cookies, d.h. winzige Dateien, die auf Ihren Computer heruntergeladen werden, um Ihre Erfahrungen zu verbessern. Diese &#8230;<\/p>\n","protected":false},"author":1,"featured_media":0,"parent":0,"menu_order":0,"comment_status":"closed","ping_status":"closed","template":"template-fullwidth.php","meta":{"footnotes":""},"class_list":["post-1616","page","type-page","status-publish","hentry"],"_links":{"self":[{"href":"https:\/\/www.vibration-pulsation-consulting.com\/en\/wp-json\/wp\/v2\/pages\/1616","targetHints":{"allow":["GET"]}}],"collection":[{"href":"https:\/\/www.vibration-pulsation-consulting.com\/en\/wp-json\/wp\/v2\/pages"}],"about":[{"href":"https:\/\/www.vibration-pulsation-consulting.com\/en\/wp-json\/wp\/v2\/types\/page"}],"author":[{"embeddable":true,"href":"https:\/\/www.vibration-pulsation-consulting.com\/en\/wp-json\/wp\/v2\/users\/1"}],"replies":[{"embeddable":true,"href":"https:\/\/www.vibration-pulsation-consulting.com\/en\/wp-json\/wp\/v2\/comments?post=1616"}],"version-history":[{"count":5,"href":"https:\/\/www.vibration-pulsation-consulting.com\/en\/wp-json\/wp\/v2\/pages\/1616\/revisions"}],"predecessor-version":[{"id":2045,"href":"https:\/\/www.vibration-pulsation-consulting.com\/en\/wp-json\/wp\/v2\/pages\/1616\/revisions\/2045"}],"wp:attachment":[{"href":"https:\/\/www.vibration-pulsation-consulting.com\/en\/wp-json\/wp\/v2\/media?parent=1616"}],"curies":[{"name":"wp","href":"https:\/\/api.w.org\/{rel}","templated":true}]}}